{"id":6,"date":"2021-11-22T18:33:29","date_gmt":"2021-11-22T18:33:29","guid":{"rendered":"http:\/\/balt.test\/?page_id=6"},"modified":"2025-11-03T14:34:27","modified_gmt":"2025-11-03T14:34:27","slug":"home","status":"publish","type":"page","link":"https:\/\/baltgroup.com\/fr\/","title":{"rendered":"Maison"},"content":{"rendered":"","protected":false},"excerpt":{"rendered":"","protected":false},"author":1,"featured_media":0,"parent":0,"menu_order":3,"comment_status":"closed","ping_status":"closed","template":"template-homepage.php","meta":{"_acf_changed":false,"footnotes":""},"class_list":["post-6","page","type-page","status-publish","hentry"],"acf":[],"yoast_head":"<!-- This site is optimized with the Yoast SEO plugin v27.5 - https:\/\/yoast.com\/product\/yoast-seo-wordpress\/ -->\n<title>Home - Balt Group<\/title>\n<meta name=\"robots\" content=\"index, follow, max-snippet:-1, max-image-preview:large, max-video-preview:-1\" \/>\n<link rel=\"canonical\" href=\"https:\/\/baltgroup.com\/fr\/\" \/>\n<meta property=\"og:locale\" content=\"fr_FR\" \/>\n<meta property=\"og:type\" content=\"article\" \/>\n<meta property=\"og:title\" content=\"Home - Balt Group\" \/>\n<meta property=\"og:url\" content=\"https:\/\/baltgroup.com\/fr\/\" \/>\n<meta property=\"og:site_name\" content=\"Balt Group\" \/>\n<meta property=\"article:modified_time\" content=\"2025-11-03T14:34:27+00:00\" \/>\n<meta name=\"twitter:card\" content=\"summary_large_image\" \/>\n<script type=\"application\/ld+json\" class=\"yoast-schema-graph\">{\"@context\":\"https:\\\/\\\/schema.org\",\"@graph\":[{\"@type\":\"WebPage\",\"@id\":\"https:\\\/\\\/baltgroup.com\\\/\",\"url\":\"https:\\\/\\\/baltgroup.com\\\/\",\"name\":\"Home - Balt Group\",\"isPartOf\":{\"@id\":\"https:\\\/\\\/baltgroup.com\\\/#website\"},\"datePublished\":\"2021-11-22T18:33:29+00:00\",\"dateModified\":\"2025-11-03T14:34:27+00:00\",\"breadcrumb\":{\"@id\":\"https:\\\/\\\/baltgroup.com\\\/#breadcrumb\"},\"inLanguage\":\"fr-FR\",\"potentialAction\":[{\"@type\":\"ReadAction\",\"target\":[\"https:\\\/\\\/baltgroup.com\\\/\"]}]},{\"@type\":\"BreadcrumbList\",\"@id\":\"https:\\\/\\\/baltgroup.com\\\/#breadcrumb\",\"itemListElement\":[{\"@type\":\"ListItem\",\"position\":1,\"name\":\"Home\",\"item\":\"https:\\\/\\\/baltgroup.com\\\/\"},{\"@type\":\"ListItem\",\"position\":2,\"name\":\"Home\"}]},{\"@type\":\"WebSite\",\"@id\":\"https:\\\/\\\/baltgroup.com\\\/#website\",\"url\":\"https:\\\/\\\/baltgroup.com\\\/\",\"name\":\"Balt Group\",\"description\":\"Inspiring Innovation\",\"potentialAction\":[{\"@type\":\"SearchAction\",\"target\":{\"@type\":\"EntryPoint\",\"urlTemplate\":\"https:\\\/\\\/baltgroup.com\\\/?s={search_term_string}\"},\"query-input\":{\"@type\":\"PropertyValueSpecification\",\"valueRequired\":true,\"valueName\":\"search_term_string\"}}],\"inLanguage\":\"fr-FR\"}]}<\/script>\n<!-- \/ Yoast SEO plugin. -->","yoast_head_json":{"title":"Accueil - Groupe Balt","robots":{"index":"index","follow":"follow","max-snippet":"max-snippet:-1","max-image-preview":"max-image-preview:large","max-video-preview":"max-video-preview:-1"},"canonical":"https:\/\/baltgroup.com\/fr\/","og_locale":"fr_FR","og_type":"article","og_title":"Home - Balt Group","og_url":"https:\/\/baltgroup.com\/fr\/","og_site_name":"Balt Group","article_modified_time":"2025-11-03T14:34:27+00:00","twitter_card":"summary_large_image","schema":{"@context":"https:\/\/schema.org","@graph":[{"@type":"WebPage","@id":"https:\/\/baltgroup.com\/","url":"https:\/\/baltgroup.com\/","name":"Accueil - Groupe Balt","isPartOf":{"@id":"https:\/\/baltgroup.com\/#website"},"datePublished":"2021-11-22T18:33:29+00:00","dateModified":"2025-11-03T14:34:27+00:00","breadcrumb":{"@id":"https:\/\/baltgroup.com\/#breadcrumb"},"inLanguage":"fr-FR","potentialAction":[{"@type":"ReadAction","target":["https:\/\/baltgroup.com\/"]}]},{"@type":"BreadcrumbList","@id":"https:\/\/baltgroup.com\/#breadcrumb","itemListElement":[{"@type":"ListItem","position":1,"name":"Home","item":"https:\/\/baltgroup.com\/"},{"@type":"ListItem","position":2,"name":"Home"}]},{"@type":"WebSite","@id":"https:\/\/baltgroup.com\/#website","url":"https:\/\/baltgroup.com\/","name":"Groupe Balt","description":"Inspirer l&#039;innovation","potentialAction":[{"@type":"SearchAction","target":{"@type":"EntryPoint","urlTemplate":"https:\/\/baltgroup.com\/?s={search_term_string}"},"query-input":{"@type":"PropertyValueSpecification","valueRequired":true,"valueName":"search_term_string"}}],"inLanguage":"fr-FR"}]}},"ACF":{"familiy_hero_image":"https:\/\/baltgroup.com\/wp-content\/uploads\/homefam.jpg","family_section_label":"Our People","family_section_title":"People are at <br \/>the <strong>heart of<br \/> everything we do<\/strong>","portfolio_section_label":"OUR PRODUCT PORTFOLIO","portfolio_section_title":"Being first was <strong>just the beginning<\/strong>","portfolio_section_text":"<p>We introduced one of the first neurovascular intervention devices in 1977. Now we offer the <strong>world\u2019s broadest portfolio<\/strong> of medical devices for ischemic and hemorrhagic stroke as well as dedicated products to address peripheral embolization.<\/p>\n<p><a class=\"btn-lined\" href=\"http:\/\/baltgroup.com\/products\/\">Explore Our Products<\/a><\/p>\n","portfolio_button_text":"EXPLORE OUR PRODUCTS","green_section_title":"Continuously Reaching <br \/><strong>New Frontiers<\/strong>","green_section_text_block_1":"For more than 45 years, Balt has been leading the way\u2014collaborating with physicians and institutions to develop elegant neurovascular solutions.","green_section_text_block_2":"As the premier global neurovascular platform always seeking to expand beyond boundaries, we are now bringing our innovation to the peripheral vascular space.","green_section_stats_title":"Pioneer in <br\/><strong>stroke treatment<\/strong>","green_section_stats":[{"number":"48","plus_sign":[],"description":"Ann\u00e9es d'excellence"},{"number":"1000","plus_sign":["1"],"description":"Salari\u00e9s"},{"number":"16","plus_sign":[],"description":"sites dans le monde"}],"familiy_hero_image_mobile":"https:\/\/baltgroup.com\/wp-content\/uploads\/home-family-hero-m@2x.jpg","green_section_hero":"https:\/\/baltgroup.com\/wp-content\/uploads\/home-greenSec-hero@2x-scaled.jpg","impact_section_label":"Our Impact","we_are_hero_slider":[{"hero_image":"https:\/\/baltgroup.com\/wp-content\/uploads\/homebanner-1.jpg","hero_image_mobile":"https:\/\/baltgroup.com\/wp-content\/uploads\/homebanner-1sm.jpg","label":"WE ARE BALT","title":"Des innovations inspir\u00e9es par les m\u00e9decins.<br\/> Des solutions d\u00e9di\u00e9es aux patients.","button_text":"Discover Balt","button_link":"https:\/\/baltgroup.com\/fr\/about-us\/"},{"hero_image":"https:\/\/baltgroup.com\/wp-content\/uploads\/homebanner-2.jpg","hero_image_mobile":"https:\/\/baltgroup.com\/wp-content\/uploads\/homebanner-2sm.jpg","label":"CAREERS","title":"Rejoignez une \u00e9quipe passionn\u00e9e qui souhaite faire la diff\u00e9rence.","button_text":"View Openings","button_link":"https:\/\/baltgroup.com\/fr\/careers\/"},{"hero_image":"https:\/\/baltgroup.com\/wp-content\/uploads\/homebanner-1.jpg","hero_image_mobile":"https:\/\/baltgroup.com\/wp-content\/uploads\/homebanner-1.jpg","label":"NEWS","title":"R\u00e9sultats de l&#039;essai STEM dans le New England Journal of Medicine <br \/>","button_text":"See More","button_link":"https:\/\/baltgroup.com\/fr\/news\/stem-trial-results-in-the-new-england-journal-of-medicine-nejm\/"}],"impactCopy":"<h2>We\u2019re working to make our impact positive and create a sustainable future\u2014<strong>for our planet, our people, our products, and the patients we serve.<\/strong><\/h2>\n<p><a class=\"btn-lined\" href=\"http:\/\/baltgroup.com\/our-impact\/\">Our Impact<\/a><\/p>\n","familyContent":"<p>We\u2019re proud of our mission and the work we do every day. And that starts with people.<\/p>\n<p><a class=\"btn-lined\" href=\"http:\/\/baltgroup.com\/about-us\/\">About Us<\/a><\/p>\n"},"_links":{"self":[{"href":"https:\/\/baltgroup.com\/fr\/wp-json\/wp\/v2\/pages\/6","targetHints":{"allow":["GET"]}}],"collection":[{"href":"https:\/\/baltgroup.com\/fr\/wp-json\/wp\/v2\/pages"}],"about":[{"href":"https:\/\/baltgroup.com\/fr\/wp-json\/wp\/v2\/types\/page"}],"author":[{"embeddable":true,"href":"https:\/\/baltgroup.com\/fr\/wp-json\/wp\/v2\/users\/1"}],"replies":[{"embeddable":true,"href":"https:\/\/baltgroup.com\/fr\/wp-json\/wp\/v2\/comments?post=6"}],"version-history":[{"count":55,"href":"https:\/\/baltgroup.com\/fr\/wp-json\/wp\/v2\/pages\/6\/revisions"}],"predecessor-version":[{"id":27616,"href":"https:\/\/baltgroup.com\/fr\/wp-json\/wp\/v2\/pages\/6\/revisions\/27616"}],"wp:attachment":[{"href":"https:\/\/baltgroup.com\/fr\/wp-json\/wp\/v2\/media?parent=6"}],"curies":[{"name":"wp","href":"https:\/\/api.w.org\/{rel}","templated":true}]}}