{"id":433,"date":"2022-01-04T22:54:59","date_gmt":"2022-01-04T22:54:59","guid":{"rendered":"https:\/\/www.baltgroup.com\/?page_id=433"},"modified":"2022-03-28T18:53:17","modified_gmt":"2022-03-28T18:53:17","slug":"cookie-policy","status":"publish","type":"page","link":"https:\/\/baltgroup.com\/fr\/cookie-policy\/","title":{"rendered":"Politique relative aux cookies"},"content":{"rendered":"<p>La pr\u00e9sente politique en mati\u00e8re de cookies a pour but de vous informer de nos pratiques concernant l&#039;utilisation des cookies pour recueillir des informations vous concernant.<\/p>\n<h2>Que sont les cookies ?<\/h2>\n<p>Les cookies sont de petits fichiers texte qui sont envoy\u00e9s \u00e0 votre navigateur via le site Web que vous visitez. Un fichier cookie est enregistr\u00e9 dans votre navigateur et permet au site Web ou \u00e0 un tiers de vous reconna\u00eetre.<\/p>\n<p>Cela peut faciliter vos visites ult\u00e9rieures sur ce site et accro\u00eetre son utilit\u00e9 pour vous.<\/p>\n<p>Les cookies peuvent \u00eatre d\u00e9crits comme persistants ou bas\u00e9s sur une session.<\/p>\n<h2>Comment BALT utilise-t-il les cookies ?<\/h2>\n<p>Lorsque vous acc\u00e9dez \u00e0 notre site Web et que vous l&#039;utilisez, nous pouvons placer un certain nombre de fichiers t\u00e9moins dans votre navigateur.<\/p>\n<p>Les cookies sont utilis\u00e9s pour les raisons suivantes :<\/p>\n<ul>\n<li>Pour vous assister lors de la navigation ;<\/li>\n<li>Pour activer certaines fonctionnalit\u00e9s du site\u00a0;<\/li>\n<li>Fournir une analyse\u00a0;<\/li>\n<li>Pour enregistrer vos pr\u00e9f\u00e9rences\u00a0;<\/li>\n<li>Pour s\u00e9lectionner le bon cadre de contenu pour vous servir en fonction de votre g\u00e9olocalisation.<\/li>\n<\/ul>\n<p>Nous utilisons \u00e0 la fois des cookies de session et des cookies persistants sur le site Web.<\/p>\n<p>Nous pouvons \u00e9galement utiliser des cookies essentiels pour authentifier les utilisateurs et emp\u00eacher l&#039;utilisation frauduleuse des comptes d&#039;utilisateurs.<\/p>\n<p>Vous trouverez ci-dessous la liste des cookies utilis\u00e9s par BALT sur son site internet :<\/p>\n<table class=\"cookielawinfo-row-cat-table cookielawinfo-simple\"><thead><tr><th class=\"cookielawinfo-column-1\">Biscuit<\/th><th class=\"cookielawinfo-column-3\">Dur\u00e9e<\/th><th class=\"cookielawinfo-column-4\">Description<\/th><\/tr><\/thead><tbody><tr class=\"cookielawinfo-row\"><td class=\"cookielawinfo-column-1\">_G\u00e9orgie<\/td><td class=\"cookielawinfo-column-3\">2 ann\u00e9es<\/td><td class=\"cookielawinfo-column-4\">Le cookie _ga, install\u00e9 par Google Analytics, calcule les donn\u00e9es des visiteurs, des sessions et des campagnes et assure \u00e9galement le suivi de l&#039;utilisation du site pour le rapport d&#039;analyse du site. Le cookie stocke les informations de mani\u00e8re anonyme et attribue un num\u00e9ro g\u00e9n\u00e9r\u00e9 de mani\u00e8re al\u00e9atoire pour reconna\u00eetre les visiteurs uniques.<\/td><\/tr><tr class=\"cookielawinfo-row\"><td class=\"cookielawinfo-column-1\">_gat_UA-216733786-1<\/td><td class=\"cookielawinfo-column-3\">1 minute<\/td><td class=\"cookielawinfo-column-4\">Une variante du cookie _gat d\u00e9fini par Google Analytics et Google Tag Manager pour permettre aux propri\u00e9taires de sites Web de suivre le comportement des visiteurs et de mesurer les performances du site. L&#039;\u00e9l\u00e9ment de mod\u00e8le dans le nom contient le num\u00e9ro d&#039;identit\u00e9 unique du compte ou du site Web auquel il se rapporte.<\/td><\/tr><tr class=\"cookielawinfo-row\"><td class=\"cookielawinfo-column-1\">_gid<\/td><td class=\"cookielawinfo-column-3\">Un jour<\/td><td class=\"cookielawinfo-column-4\">Install\u00e9 par Google Analytics, le cookie _gid stocke des informations sur la fa\u00e7on dont les visiteurs utilisent un site Web, tout en cr\u00e9ant un rapport d&#039;analyse des performances du site Web. Certaines des donn\u00e9es collect\u00e9es incluent le nombre de visiteurs, leur source et les pages qu&#039;ils visitent de mani\u00e8re anonyme.<\/td><\/tr><tr class=\"cookielawinfo-row\"><td class=\"cookielawinfo-column-1\">cookielawinfo-checkbox-advertisement<\/td><td class=\"cookielawinfo-column-3\">1 ann\u00e9e<\/td><td class=\"cookielawinfo-column-4\">D\u00e9fini par le plugin GDPR Cookie Consent, ce cookie est utilis\u00e9 pour enregistrer le consentement de l&#039;utilisateur pour les cookies de la cat\u00e9gorie &quot;Publicit\u00e9&quot;.<\/td><\/tr><tr class=\"cookielawinfo-row\"><td class=\"cookielawinfo-column-1\">cookielawinfo-checkbox-analytics<\/td><td class=\"cookielawinfo-column-3\">11 mois<\/td><td class=\"cookielawinfo-column-4\">Ce cookie est d\u00e9fini par le plugin GDPR Cookie Consent. Le cookie est utilis\u00e9 pour stocker le consentement de l&#039;utilisateur pour les cookies dans la cat\u00e9gorie &quot;Analytics&quot;.<\/td><\/tr><tr class=\"cookielawinfo-row\"><td class=\"cookielawinfo-column-1\">cookielawinfo-checkbox-fonctionnel<\/td><td class=\"cookielawinfo-column-3\">11 mois<\/td><td class=\"cookielawinfo-column-4\">Le cookie est d\u00e9fini par GDPR cookie consent pour enregistrer le consentement de l&#039;utilisateur pour les cookies dans la cat\u00e9gorie &quot;Fonctionnel&quot;.<\/td><\/tr><tr class=\"cookielawinfo-row\"><td class=\"cookielawinfo-column-1\">cookielawinfo-checkbox-n\u00e9cessaire<\/td><td class=\"cookielawinfo-column-3\">11 mois<\/td><td class=\"cookielawinfo-column-4\">Ce cookie est d\u00e9fini par le plugin GDPR Cookie Consent. Les cookies sont utilis\u00e9s pour stocker le consentement de l&#039;utilisateur pour les cookies dans la cat\u00e9gorie &quot;N\u00e9cessaire&quot;.<\/td><\/tr><tr class=\"cookielawinfo-row\"><td class=\"cookielawinfo-column-1\">cookielawinfo-checkbox-autres<\/td><td class=\"cookielawinfo-column-3\">11 mois<\/td><td class=\"cookielawinfo-column-4\">Ce cookie est d\u00e9fini par le plugin GDPR Cookie Consent. Le cookie est utilis\u00e9 pour stocker le consentement de l&#039;utilisateur pour les cookies dans la cat\u00e9gorie &quot;Autre.<\/td><\/tr><tr class=\"cookielawinfo-row\"><td class=\"cookielawinfo-column-1\">cookielawinfo-checkbox-performance<\/td><td class=\"cookielawinfo-column-3\">11 mois<\/td><td class=\"cookielawinfo-column-4\">Ce cookie est d\u00e9fini par le plugin GDPR Cookie Consent. Le cookie est utilis\u00e9 pour stocker le consentement de l&#039;utilisateur pour les cookies dans la cat\u00e9gorie &quot;Performance&quot;.<\/td><\/tr><tr class=\"cookielawinfo-row\"><td class=\"cookielawinfo-column-1\">CookieLawInfoConsent<\/td><td class=\"cookielawinfo-column-3\">1 ann\u00e9e<\/td><td class=\"cookielawinfo-column-4\">Enregistre l&#039;\u00e9tat du bouton par d\u00e9faut de la cat\u00e9gorie correspondante et l&#039;\u00e9tat du CCPA. Il fonctionne uniquement en coordination avec le cookie principal.<\/td><\/tr><tr class=\"cookielawinfo-row\"><td class=\"cookielawinfo-column-1\">PHPSESSID<\/td><td class=\"cookielawinfo-column-3\">session<\/td><td class=\"cookielawinfo-column-4\">Ce cookie est natif des applications PHP. Le cookie est utilis\u00e9 pour stocker et identifier l&#039;identifiant de session unique d&#039;un utilisateur dans le but de g\u00e9rer la session de l&#039;utilisateur sur le site Web. Le cookie est un cookie de session et est supprim\u00e9 lorsque toutes les fen\u00eatres du navigateur sont ferm\u00e9es.<\/td><\/tr><tr class=\"cookielawinfo-row\"><td class=\"cookielawinfo-column-1\">view_cookie_policy<\/td><td class=\"cookielawinfo-column-3\">11 mois<\/td><td class=\"cookielawinfo-column-4\">Le cookie est d\u00e9fini par le plugin GDPR Cookie Consent et est utilis\u00e9 pour stocker si l&#039;utilisateur a consenti ou non \u00e0 l&#039;utilisation de cookies. Il ne stocke aucune donn\u00e9e personnelle.<\/td><\/tr><\/tbody><\/table>\n<p><img loading=\"lazy\" decoding=\"async\" width=\"934\" height=\"2006\" class=\"alignnone wp-image-665 size-full\" src=\"http:\/\/baltgroup.com\/wp-content\/uploads\/cookies-112-scSh.png\" alt=\"\" srcset=\"https:\/\/baltgroup.com\/wp-content\/uploads\/cookies-112-scSh.png 934w, https:\/\/baltgroup.com\/wp-content\/uploads\/cookies-112-scSh-140x300.png 140w, https:\/\/baltgroup.com\/wp-content\/uploads\/cookies-112-scSh-477x1024.png 477w, https:\/\/baltgroup.com\/wp-content\/uploads\/cookies-112-scSh-768x1649.png 768w, https:\/\/baltgroup.com\/wp-content\/uploads\/cookies-112-scSh-715x1536.png 715w, https:\/\/baltgroup.com\/wp-content\/uploads\/cookies-112-scSh-303x650.png 303w\" sizes=\"auto, (max-width: 934px) 100vw, 934px\" \/><\/p>\n<h2>Cookies tiers<\/h2>\n<p>En plus de nos propres cookies, nous pouvons \u00e9galement utiliser divers cookies tiers pour suivre les statistiques d&#039;utilisation du site Web.<\/p>\n<p>Ce site peut contenir des liens ou des r\u00e9f\u00e9rences \u00e0 d&#039;autres sites Web. Veuillez noter que nous ne contr\u00f4lons pas les cookies ou les technologies de suivi sur d&#039;autres sites Web et que notre politique en mati\u00e8re de cookies ne s&#039;applique pas \u00e0 ces sites Web.<\/p>\n<h2>Quelles sont vos options en mati\u00e8re de cookies ?<\/h2>\n<p>Si vous souhaitez supprimer les cookies ou demander \u00e0 votre navigateur de les supprimer ou de les refuser, veuillez consulter directement les pages d&#039;aide de votre navigateur.<\/p>\n<p>Cependant, si vous d\u00e9cidez de supprimer les cookies ou de refuser de les accepter, vous ne pourrez peut-\u00eatre pas utiliser toutes les fonctionnalit\u00e9s que nous proposons sur notre site Web. Il se peut que vous ne puissiez pas enregistrer vos pr\u00e9f\u00e9rences et que certaines de nos pages ne s&#039;affichent pas correctement.<\/p>\n<h2>Comment nous contacter<\/h2>\n<p>Si vous avez des questions, des commentaires ou des pr\u00e9occupations concernant notre politique en mati\u00e8re de cookies, veuillez remplir le formulaire de contact disponible sur notre site Web.<\/p>\n<h2>Modifications de notre politique en mati\u00e8re de cookies<\/h2>\n<p>Si des modifications sont apport\u00e9es \u00e0 cette politique de confidentialit\u00e9, la version r\u00e9vis\u00e9e sera publi\u00e9e sur ce site Web.<\/p>","protected":false},"excerpt":{"rendered":"La pr\u00e9sente politique relative aux cookies a pour but de vous informer de nos pratiques en mati\u00e8re d&#039;utilisation des cookies pour recueillir des informations vous concernant. Que sont les cookies ? Les cookies sont de petits fichiers texte qui sont envoy\u00e9s \u00e0 votre navigateur via le site Web que vous visitez. Un fichier cookie est stock\u00e9 dans votre navigateur et permet au site Web de\u2026 <a class=\"view-article\" href=\"https:\/\/baltgroup.com\/fr\/cookie-policy\/\">Voir l&#039;article<\/a>","protected":false},"author":2,"featured_media":0,"parent":0,"menu_order":8,"comment_status":"closed","ping_status":"closed","template":"template-legal.php","meta":{"_acf_changed":false,"footnotes":""},"class_list":["post-433","page","type-page","status-publish","hentry"],"acf":[],"yoast_head":"<!-- This site is optimized with the Yoast SEO plugin v27.3 - https:\/\/yoast.com\/product\/yoast-seo-wordpress\/ -->\n<title>Cookie Policy - Balt Group<\/title>\n<meta name=\"robots\" content=\"index, follow, max-snippet:-1, max-image-preview:large, max-video-preview:-1\" \/>\n<link rel=\"canonical\" href=\"https:\/\/baltgroup.com\/fr\/cookie-policy\/\" \/>\n<meta property=\"og:locale\" content=\"fr_FR\" \/>\n<meta property=\"og:type\" content=\"article\" \/>\n<meta property=\"og:title\" content=\"Cookie Policy - Balt Group\" \/>\n<meta property=\"og:description\" content=\"The purpose of this cookie policy is to inform you about our practices regarding the use of cookies for gathering information about you. What are cookies? Cookies are small text files that are sent to your browser via the website you are visiting. A cookie file is stored in your browser and allows the website... Voir l&#039;article\" \/>\n<meta property=\"og:url\" content=\"https:\/\/baltgroup.com\/fr\/cookie-policy\/\" \/>\n<meta property=\"og:site_name\" content=\"Balt Group\" \/>\n<meta property=\"article:modified_time\" content=\"2022-03-28T18:53:17+00:00\" \/>\n<meta property=\"og:image\" content=\"http:\/\/baltgroup.com\/wp-content\/uploads\/cookies-112-scSh.png\" \/>\n<meta name=\"twitter:card\" content=\"summary_large_image\" \/>\n<meta name=\"twitter:label1\" content=\"Dur\u00e9e de lecture estim\u00e9e\" \/>\n\t<meta name=\"twitter:data1\" content=\"2 minutes\" \/>\n<script type=\"application\/ld+json\" class=\"yoast-schema-graph\">{\"@context\":\"https:\\\/\\\/schema.org\",\"@graph\":[{\"@type\":\"WebPage\",\"@id\":\"https:\\\/\\\/baltgroup.com\\\/cookie-policy\\\/\",\"url\":\"https:\\\/\\\/baltgroup.com\\\/cookie-policy\\\/\",\"name\":\"Cookie Policy - Balt Group\",\"isPartOf\":{\"@id\":\"https:\\\/\\\/baltgroup.com\\\/#website\"},\"primaryImageOfPage\":{\"@id\":\"https:\\\/\\\/baltgroup.com\\\/cookie-policy\\\/#primaryimage\"},\"image\":{\"@id\":\"https:\\\/\\\/baltgroup.com\\\/cookie-policy\\\/#primaryimage\"},\"thumbnailUrl\":\"http:\\\/\\\/baltgroup.com\\\/wp-content\\\/uploads\\\/cookies-112-scSh.png\",\"datePublished\":\"2022-01-04T22:54:59+00:00\",\"dateModified\":\"2022-03-28T18:53:17+00:00\",\"breadcrumb\":{\"@id\":\"https:\\\/\\\/baltgroup.com\\\/cookie-policy\\\/#breadcrumb\"},\"inLanguage\":\"fr-FR\",\"potentialAction\":[{\"@type\":\"ReadAction\",\"target\":[\"https:\\\/\\\/baltgroup.com\\\/cookie-policy\\\/\"]}]},{\"@type\":\"ImageObject\",\"inLanguage\":\"fr-FR\",\"@id\":\"https:\\\/\\\/baltgroup.com\\\/cookie-policy\\\/#primaryimage\",\"url\":\"http:\\\/\\\/baltgroup.com\\\/wp-content\\\/uploads\\\/cookies-112-scSh.png\",\"contentUrl\":\"http:\\\/\\\/baltgroup.com\\\/wp-content\\\/uploads\\\/cookies-112-scSh.png\"},{\"@type\":\"BreadcrumbList\",\"@id\":\"https:\\\/\\\/baltgroup.com\\\/cookie-policy\\\/#breadcrumb\",\"itemListElement\":[{\"@type\":\"ListItem\",\"position\":1,\"name\":\"Home\",\"item\":\"https:\\\/\\\/baltgroup.com\\\/\"},{\"@type\":\"ListItem\",\"position\":2,\"name\":\"Cookie Policy\"}]},{\"@type\":\"WebSite\",\"@id\":\"https:\\\/\\\/baltgroup.com\\\/#website\",\"url\":\"https:\\\/\\\/baltgroup.com\\\/\",\"name\":\"Balt Group\",\"description\":\"Inspiring Innovation\",\"potentialAction\":[{\"@type\":\"SearchAction\",\"target\":{\"@type\":\"EntryPoint\",\"urlTemplate\":\"https:\\\/\\\/baltgroup.com\\\/?s={search_term_string}\"},\"query-input\":{\"@type\":\"PropertyValueSpecification\",\"valueRequired\":true,\"valueName\":\"search_term_string\"}}],\"inLanguage\":\"fr-FR\"}]}<\/script>\n<!-- \/ Yoast SEO plugin. -->","yoast_head_json":{"title":"Politique relative aux cookies - Groupe Balt","robots":{"index":"index","follow":"follow","max-snippet":"max-snippet:-1","max-image-preview":"max-image-preview:large","max-video-preview":"max-video-preview:-1"},"canonical":"https:\/\/baltgroup.com\/fr\/cookie-policy\/","og_locale":"fr_FR","og_type":"article","og_title":"Cookie Policy - Balt Group","og_description":"The purpose of this cookie policy is to inform you about our practices regarding the use of cookies for gathering information about you. What are cookies? Cookies are small text files that are sent to your browser via the website you are visiting. A cookie file is stored in your browser and allows the website... Voir l'article","og_url":"https:\/\/baltgroup.com\/fr\/cookie-policy\/","og_site_name":"Balt Group","article_modified_time":"2022-03-28T18:53:17+00:00","og_image":[{"url":"http:\/\/baltgroup.com\/wp-content\/uploads\/cookies-112-scSh.png","type":"","width":"","height":""}],"twitter_card":"summary_large_image","twitter_misc":{"Dur\u00e9e de lecture estim\u00e9e":"2 minutes"},"schema":{"@context":"https:\/\/schema.org","@graph":[{"@type":"WebPage","@id":"https:\/\/baltgroup.com\/cookie-policy\/","url":"https:\/\/baltgroup.com\/cookie-policy\/","name":"Politique relative aux cookies - Groupe Balt","isPartOf":{"@id":"https:\/\/baltgroup.com\/#website"},"primaryImageOfPage":{"@id":"https:\/\/baltgroup.com\/cookie-policy\/#primaryimage"},"image":{"@id":"https:\/\/baltgroup.com\/cookie-policy\/#primaryimage"},"thumbnailUrl":"http:\/\/baltgroup.com\/wp-content\/uploads\/cookies-112-scSh.png","datePublished":"2022-01-04T22:54:59+00:00","dateModified":"2022-03-28T18:53:17+00:00","breadcrumb":{"@id":"https:\/\/baltgroup.com\/cookie-policy\/#breadcrumb"},"inLanguage":"fr-FR","potentialAction":[{"@type":"ReadAction","target":["https:\/\/baltgroup.com\/cookie-policy\/"]}]},{"@type":"ImageObject","inLanguage":"fr-FR","@id":"https:\/\/baltgroup.com\/cookie-policy\/#primaryimage","url":"http:\/\/baltgroup.com\/wp-content\/uploads\/cookies-112-scSh.png","contentUrl":"http:\/\/baltgroup.com\/wp-content\/uploads\/cookies-112-scSh.png"},{"@type":"BreadcrumbList","@id":"https:\/\/baltgroup.com\/cookie-policy\/#breadcrumb","itemListElement":[{"@type":"ListItem","position":1,"name":"Home","item":"https:\/\/baltgroup.com\/"},{"@type":"ListItem","position":2,"name":"Cookie Policy"}]},{"@type":"WebSite","@id":"https:\/\/baltgroup.com\/#website","url":"https:\/\/baltgroup.com\/","name":"Groupe Balt","description":"Inspirer l&#039;innovation","potentialAction":[{"@type":"SearchAction","target":{"@type":"EntryPoint","urlTemplate":"https:\/\/baltgroup.com\/?s={search_term_string}"},"query-input":{"@type":"PropertyValueSpecification","valueRequired":true,"valueName":"search_term_string"}}],"inLanguage":"fr-FR"}]}},"ACF":false,"_links":{"self":[{"href":"https:\/\/baltgroup.com\/fr\/wp-json\/wp\/v2\/pages\/433","targetHints":{"allow":["GET"]}}],"collection":[{"href":"https:\/\/baltgroup.com\/fr\/wp-json\/wp\/v2\/pages"}],"about":[{"href":"https:\/\/baltgroup.com\/fr\/wp-json\/wp\/v2\/types\/page"}],"author":[{"embeddable":true,"href":"https:\/\/baltgroup.com\/fr\/wp-json\/wp\/v2\/users\/2"}],"replies":[{"embeddable":true,"href":"https:\/\/baltgroup.com\/fr\/wp-json\/wp\/v2\/comments?post=433"}],"version-history":[{"count":22,"href":"https:\/\/baltgroup.com\/fr\/wp-json\/wp\/v2\/pages\/433\/revisions"}],"predecessor-version":[{"id":1014,"href":"https:\/\/baltgroup.com\/fr\/wp-json\/wp\/v2\/pages\/433\/revisions\/1014"}],"wp:attachment":[{"href":"https:\/\/baltgroup.com\/fr\/wp-json\/wp\/v2\/media?parent=433"}],"curies":[{"name":"wp","href":"https:\/\/api.w.org\/{rel}","templated":true}]}}