{"id":12,"date":"2021-11-22T19:04:49","date_gmt":"2021-11-22T19:04:49","guid":{"rendered":"http:\/\/balt.test\/?page_id=12"},"modified":"2025-12-12T14:12:11","modified_gmt":"2025-12-12T14:12:11","slug":"about-us","status":"publish","type":"page","link":"https:\/\/baltgroup.com\/fr\/about-us\/","title":{"rendered":"Notre soci\u00e9t\u00e9"},"content":{"rendered":"","protected":false},"excerpt":{"rendered":"","protected":false},"author":1,"featured_media":0,"parent":0,"menu_order":2,"comment_status":"closed","ping_status":"closed","template":"template-about.php","meta":{"_acf_changed":false,"footnotes":""},"class_list":["post-12","page","type-page","status-publish","hentry"],"acf":[],"yoast_head":"<!-- This site is optimized with the Yoast SEO plugin v27.3 - https:\/\/yoast.com\/product\/yoast-seo-wordpress\/ -->\n<title>About Us - Balt Group<\/title>\n<meta name=\"robots\" content=\"index, follow, max-snippet:-1, max-image-preview:large, max-video-preview:-1\" \/>\n<link rel=\"canonical\" href=\"https:\/\/baltgroup.com\/fr\/about-us\/\" \/>\n<meta property=\"og:locale\" content=\"fr_FR\" \/>\n<meta property=\"og:type\" content=\"article\" \/>\n<meta property=\"og:title\" content=\"About Us - Balt Group\" \/>\n<meta property=\"og:url\" content=\"https:\/\/baltgroup.com\/fr\/about-us\/\" \/>\n<meta property=\"og:site_name\" content=\"Balt Group\" \/>\n<meta property=\"article:modified_time\" content=\"2025-12-12T14:12:11+00:00\" \/>\n<meta name=\"twitter:card\" content=\"summary_large_image\" \/>\n<script type=\"application\/ld+json\" class=\"yoast-schema-graph\">{\"@context\":\"https:\\\/\\\/schema.org\",\"@graph\":[{\"@type\":\"WebPage\",\"@id\":\"https:\\\/\\\/baltgroup.com\\\/about-us\\\/\",\"url\":\"https:\\\/\\\/baltgroup.com\\\/about-us\\\/\",\"name\":\"About Us - Balt Group\",\"isPartOf\":{\"@id\":\"https:\\\/\\\/baltgroup.com\\\/#website\"},\"datePublished\":\"2021-11-22T19:04:49+00:00\",\"dateModified\":\"2025-12-12T14:12:11+00:00\",\"breadcrumb\":{\"@id\":\"https:\\\/\\\/baltgroup.com\\\/about-us\\\/#breadcrumb\"},\"inLanguage\":\"fr-FR\",\"potentialAction\":[{\"@type\":\"ReadAction\",\"target\":[\"https:\\\/\\\/baltgroup.com\\\/about-us\\\/\"]}]},{\"@type\":\"BreadcrumbList\",\"@id\":\"https:\\\/\\\/baltgroup.com\\\/about-us\\\/#breadcrumb\",\"itemListElement\":[{\"@type\":\"ListItem\",\"position\":1,\"name\":\"Home\",\"item\":\"https:\\\/\\\/baltgroup.com\\\/\"},{\"@type\":\"ListItem\",\"position\":2,\"name\":\"About Us\"}]},{\"@type\":\"WebSite\",\"@id\":\"https:\\\/\\\/baltgroup.com\\\/#website\",\"url\":\"https:\\\/\\\/baltgroup.com\\\/\",\"name\":\"Balt Group\",\"description\":\"Inspiring Innovation\",\"potentialAction\":[{\"@type\":\"SearchAction\",\"target\":{\"@type\":\"EntryPoint\",\"urlTemplate\":\"https:\\\/\\\/baltgroup.com\\\/?s={search_term_string}\"},\"query-input\":{\"@type\":\"PropertyValueSpecification\",\"valueRequired\":true,\"valueName\":\"search_term_string\"}}],\"inLanguage\":\"fr-FR\"}]}<\/script>\n<!-- \/ Yoast SEO plugin. -->","yoast_head_json":{"title":"\u00c0 propos de nous - Groupe Balt","robots":{"index":"index","follow":"follow","max-snippet":"max-snippet:-1","max-image-preview":"max-image-preview:large","max-video-preview":"max-video-preview:-1"},"canonical":"https:\/\/baltgroup.com\/fr\/about-us\/","og_locale":"fr_FR","og_type":"article","og_title":"About Us - Balt Group","og_url":"https:\/\/baltgroup.com\/fr\/about-us\/","og_site_name":"Balt Group","article_modified_time":"2025-12-12T14:12:11+00:00","twitter_card":"summary_large_image","schema":{"@context":"https:\/\/schema.org","@graph":[{"@type":"WebPage","@id":"https:\/\/baltgroup.com\/about-us\/","url":"https:\/\/baltgroup.com\/about-us\/","name":"\u00c0 propos de nous - Groupe Balt","isPartOf":{"@id":"https:\/\/baltgroup.com\/#website"},"datePublished":"2021-11-22T19:04:49+00:00","dateModified":"2025-12-12T14:12:11+00:00","breadcrumb":{"@id":"https:\/\/baltgroup.com\/about-us\/#breadcrumb"},"inLanguage":"fr-FR","potentialAction":[{"@type":"ReadAction","target":["https:\/\/baltgroup.com\/about-us\/"]}]},{"@type":"BreadcrumbList","@id":"https:\/\/baltgroup.com\/about-us\/#breadcrumb","itemListElement":[{"@type":"ListItem","position":1,"name":"Home","item":"https:\/\/baltgroup.com\/"},{"@type":"ListItem","position":2,"name":"About Us"}]},{"@type":"WebSite","@id":"https:\/\/baltgroup.com\/#website","url":"https:\/\/baltgroup.com\/","name":"Groupe Balt","description":"Inspirer l&#039;innovation","potentialAction":[{"@type":"SearchAction","target":{"@type":"EntryPoint","urlTemplate":"https:\/\/baltgroup.com\/?s={search_term_string}"},"query-input":{"@type":"PropertyValueSpecification","valueRequired":true,"valueName":"search_term_string"}}],"inLanguage":"fr-FR"}]}},"ACF":{"about_hero":"https:\/\/baltgroup.com\/wp-content\/uploads\/about-hero@2x-scaled.jpg","about_hero_mobile":"https:\/\/baltgroup.com\/wp-content\/uploads\/about-hero-m@2x.jpg","about_label":"About Us","about_title":"Proudly building the future of neurovascular treatment","mission_title":"Our Mission","mission_quote":"We are the <strong>pioneering neurointerventional platform with a unique DNA.<\/strong>","mission_description":"We develop and manufacture physician-inspired innovations. We build close, responsive relationships with our customers and a creative, inclusive company culture to improve patient care. ","mission_image":"https:\/\/baltgroup.com\/wp-content\/uploads\/our-mission-img@2x.webp","vision_title":"Our Vision","vision_quote":"We strive to remain the <strong>most respected neurointerventional partner for physicians. <\/strong>","vision_description":"We are focused on building differentiated and clinically relevant solutions through excellence in execution. We will boldly apply our unique technologies to deliver clinical value to adjacent markets with high unmet medical needs.","vision_image":"https:\/\/baltgroup.com\/wp-content\/uploads\/our-vision-img@2x-scaled.jpg","vision_image_mobile":"https:\/\/baltgroup.com\/wp-content\/uploads\/our-vision-img-m@2x.jpg","accordion_title":"The heart of <strong>everything we do<\/strong>","block":[{"title":"D\u00e9termin\u00e9s","description":"Nous sommes des \u00ab b\u00e2tisseurs \u00bb passionn\u00e9s, infatigables dans la poursuite de l\u2019innovation et de l\u2019excellence dans les dispositifs m\u00e9dicaux interventionnels.","image_desktop":"https:\/\/baltgroup.com\/wp-content\/uploads\/accImgOut2@2x-scaled.jpg","image_mobile":"https:\/\/baltgroup.com\/wp-content\/uploads\/accImgIn2@2x.jpg"},{"title":"R\u00e9actifs","description":"Nous \u00e9coutons respectueusement, r\u00e9pondons humblement et collaborons \u00e9troitement pour r\u00e9soudre ensemble des probl\u00e8mes importants.","image_desktop":"https:\/\/baltgroup.com\/wp-content\/uploads\/photo_2560x1268.jpg","image_mobile":"https:\/\/baltgroup.com\/wp-content\/uploads\/photo_680x1170.jpg"},{"title":"Engag\u00e9s","description":"Nous ne pouvons pas toujours contr\u00f4ler ce qui se passe autour de nous, mais nous surmonterons et traverserons tout ensemble.","image_desktop":"https:\/\/baltgroup.com\/wp-content\/uploads\/accImgOut2@2x-scaled.jpg","image_mobile":"https:\/\/baltgroup.com\/wp-content\/uploads\/accImgIn2@2x.jpg"},{"title":"Audacieux","description":"Nous cr\u00e9ons, inventons et pers\u00e9v\u00e9rons car fournir aux m\u00e9decins des dispositifs qui sauvent la vie en vaut toujours la peine.","image_desktop":"https:\/\/baltgroup.com\/wp-content\/uploads\/accImgOut@2x-scaled.jpg","image_mobile":"https:\/\/baltgroup.com\/wp-content\/uploads\/accImgIn@2x.jpg"}],"section_label":"OUR GLOBAL FOOTPRINT","title":"Une croissance <strong>formidable<\/strong>","text":"<p>In 2015, we embarked on an ambitious journey and and have increased our revenue and workforce by more than sevenfold. Now, Balt includes 1000 talented team members at 16 unique sites around the world.<\/p>\n","label_tag":"History of Innovation","section_title":"A unique legacy ","entry":[{"year":"1998","title":"LA MAGIE","description":"Le premier microcath\u00e9ter \u00e0 flux dirig\u00e9","descriptionFR":"1<sup>er<\/sup> microth&eacute;ter &agrave; flux d&eacute;pendant","image":"https:\/\/baltgroup.com\/wp-content\/uploads\/MAGIC@2x.webp"},{"year":"2000","title":"BOA","description":"1<sup>St<\/sup> Stent intracr\u00e2nien extensible par ballonnet","descriptionFR":"1<sup>er<\/sup> stent intracr&acirc;nien expansible &agrave; ballonnet","image":"https:\/\/baltgroup.com\/wp-content\/uploads\/2000-BOA@2x.webp"},{"year":"2003","title":"LEO","description":"1<sup>St<\/sup> Stent tress\u00e9 intracr\u00e2nien auto-expansible","descriptionFR":"1<sup>er<\/sup> stent intracr&acirc;nien auto-expansible tress&eacute;","image":"https:\/\/baltgroup.com\/wp-content\/uploads\/2003-LEO@2x.webp"},{"year":"2005","title":"Capture","description":"1<sup>St<\/sup> Dispositif pour thrombectomie","descriptionFR":"1<sup>er<\/sup> syst&eacute;me de revascularisation","image":"https:\/\/baltgroup.com\/wp-content\/uploads\/Catch@2x.webp"},{"year":"2005","title":"Sonic","description":"1<sup>St<\/sup> Microcath\u00e9ter \u00e0 embout amovible","descriptionFR":"1<sup>er<\/sup> microcath&eacute;ter &agrave; nez d&eacute;tachable","image":"https:\/\/baltgroup.com\/wp-content\/uploads\/SONIC@2x.webp"},{"year":"2008","title":"SOIE","description":"1<sup>St<\/sup> Stent de d\u00e9rivation de flux","descriptionFR":"1<sup>er<\/sup> flow diverter","image":"https:\/\/baltgroup.com\/wp-content\/uploads\/2008-SILK@2x.webp"},{"year":"2010","title":"HYBRIDE","description":"1<sup>St<\/sup> Micro-fil guide de 0,007 po","descriptionFR":"1<sup>er<\/sup> microguide .007\"","image":"https:\/\/baltgroup.com\/wp-content\/uploads\/HYBRID@2x.webp"},{"year":"2015","title":"ECLIPSE 2L","description":"1<sup>St<\/sup> Ballon d&#039;occlusion \u00e0 double lumi\u00e8re","descriptionFR":"1<sup>er<\/sup> cath&eacute;ter &agrave; ballonnet double lumi&egrave;re","image":"https:\/\/baltgroup.com\/wp-content\/uploads\/Eclipse-2L-10-1.webp"},{"year":"2018","title":"SOIE VISTA B\u00c9B\u00c9","description":"1<sup>St<\/sup> D\u00e9rivateur de d\u00e9bit compatible avec cath\u00e9ter de 0,017 po","descriptionFR":"1<sup>er<\/sup> flow diverter compatible avec un microcath&eacute;ter de 0.17\"","image":"https:\/\/baltgroup.com\/wp-content\/uploads\/Silk-Vista-Baby@2x.webp"},{"year":"2020","title":"VUE DE LA SOIE","description":"Inverseur de flux de nouvelle g\u00e9n\u00e9ration","descriptionFR":"Flow diverter de nouvelle g&eacute;n&eacute;ration ","image":"https:\/\/baltgroup.com\/wp-content\/uploads\/Silk-Vista-2@2x.webp"},{"year":"2023","title":"OptiBlock","description":"Nouvelle bobine d&#039;occlusion vasculaire","descriptionFR":"Nouveau coil d'occlusion de vaisseaux","image":"https:\/\/baltgroup.com\/wp-content\/uploads\/optiblock.webp"},{"year":"2024","title":"Carrier","description":"Cath\u00e9ter de navigation","descriptionFR":"Cath&eacute;ter de navigation","image":"https:\/\/baltgroup.com\/wp-content\/uploads\/carrier24.webp"}],"our_impact_image":"https:\/\/baltgroup.com\/wp-content\/uploads\/bg-abt-ourimpact.jpg","our_impact_image_mobile":"https:\/\/baltgroup.com\/wp-content\/uploads\/bg-abt-ourimpact-sm.jpg","our_impact_label":"OUR IMPACT","our_impact_title":"On a mission to<br \/> <strong>make a difference<\/strong>","our_impact_text":"<p>We continuously integrate sustainability across our entire business<strong>\u2014for our planet, our people, our products, and the patients we serve. <\/strong><\/p>\n<p><a class=\"btn-lined\" href=\"http:\/\/baltgroup.com\/our-impact\/\">Our Impact<\/a><\/p>\n","our_impact_button_text":"","join_team_image":"https:\/\/baltgroup.com\/wp-content\/uploads\/home-join-team@2x.jpg","join_team_label":"Join The Team","join_team_text":"<h2>Let\u2019s work together to <strong>solve important problems.<\/strong><\/h2>\n<p>We\u2019re looking for passionate people who will help us push the boundaries of what\u2019s possible in physician-inspired patient care. <strong>Are you ready to make a difference?<\/strong><\/p>\n<p><a class=\"btn-lined\" href=\"http:\/\/baltgroup.com\/careers\/\">View Openings<\/a><\/p>\n","block_title_prefix":"We are","bottom_right_text":"We are Balt","contactBanner":"https:\/\/baltgroup.com\/wp-content\/uploads\/about-contact@2x-scaled.jpg","contactBannerSm":"https:\/\/baltgroup.com\/wp-content\/uploads\/about-contact-sm.jpg","cbAlt":"Conference table","cbLabel":"CONTACT US","cbContent":"<h2>Want to <strong>partner<br \/>\nwith Balt?<\/strong><\/h2>\n<p><a class=\"btn-lined reachout\" href=\"#\">Reach Out<\/a><\/p>\n"},"_links":{"self":[{"href":"https:\/\/baltgroup.com\/fr\/wp-json\/wp\/v2\/pages\/12","targetHints":{"allow":["GET"]}}],"collection":[{"href":"https:\/\/baltgroup.com\/fr\/wp-json\/wp\/v2\/pages"}],"about":[{"href":"https:\/\/baltgroup.com\/fr\/wp-json\/wp\/v2\/types\/page"}],"author":[{"embeddable":true,"href":"https:\/\/baltgroup.com\/fr\/wp-json\/wp\/v2\/users\/1"}],"replies":[{"embeddable":true,"href":"https:\/\/baltgroup.com\/fr\/wp-json\/wp\/v2\/comments?post=12"}],"version-history":[{"count":78,"href":"https:\/\/baltgroup.com\/fr\/wp-json\/wp\/v2\/pages\/12\/revisions"}],"predecessor-version":[{"id":27634,"href":"https:\/\/baltgroup.com\/fr\/wp-json\/wp\/v2\/pages\/12\/revisions\/27634"}],"wp:attachment":[{"href":"https:\/\/baltgroup.com\/fr\/wp-json\/wp\/v2\/media?parent=12"}],"curies":[{"name":"wp","href":"https:\/\/api.w.org\/{rel}","templated":true}]}}